{"id":990,"date":"2014-02-01T17:25:27","date_gmt":"2014-02-01T16:25:27","guid":{"rendered":"http:\/\/judo-jujutsu-diepholz.de\/?page_id=990"},"modified":"2025-06-05T18:01:13","modified_gmt":"2025-06-05T16:01:13","slug":"leistungen-und-kosten-der-abteilung","status":"publish","type":"page","link":"https:\/\/www.judo-jujutsu-diepholz.de\/?page_id=990","title":{"rendered":"Mitgliedschaft"},"content":{"rendered":"\n<h2 class=\"wp-block-heading\">Leistungspaket<\/h2>\n\n\n\n<ul>\n<li>Vielf\u00e4ltige Trainingsm\u00f6glichkeiten an 4 Wochentagen <\/li>\n\n\n\n<li>Kostenlose Teilnahme an Turnieren und Lehrg\u00e4ngen<\/li>\n\n\n\n<li>Teilnahme an weiteren Veranstaltungen wie z.B. Judo-Safari, Kreisrandori, Judowochenende, \u2026<\/li>\n\n\n\n<li>\u00dcbernahme der Kosten f\u00fcr die Trainerausbildung<\/li>\n\n\n\n<li>\u00dcbernahme der Kosten f\u00fcr die Trainerweiterbildung<\/li>\n\n\n\n<li>Jahressichtmarke des NJV bzw. NJJV<\/li>\n<\/ul>\n\n\n\n<h2 class=\"wp-block-heading\">Vereinsbeitr\u00e4ge<\/h2>\n\n\n\n<p>Die Beitr\u00e4ge werden von der SG Diepholz viertelj\u00e4hrlich, halbj\u00e4hrlich oder j\u00e4hrlich eingezogen. <br>Alle unten angegebenen Beitr\u00e4ge sind j\u00e4hrlich gerechnet.<\/p>\n\n\n\n<h3 class=\"wp-block-heading\">Grundbeitr\u00e4ge<\/h3>\n\n\n\n<figure class=\"wp-block-table\"><table><tbody><tr><td>Kinder und Jugendliche:<\/td><td>15,00 \u20ac<\/td><\/tr><tr><td>Erwachsene:<\/td><td>35,00 \u20ac<\/td><\/tr><tr><td>Familien:<\/td><td>85,00 \u20ac<\/td><\/tr><\/tbody><\/table><\/figure>\n\n\n\n<h3 class=\"wp-block-heading\">Spartenbeitr\u00e4ge<\/h3>\n\n\n\n<figure class=\"wp-block-table\"><table><tbody><tr><td>Kinder und Jugendliche:<\/td><td>66,00 \u20ac<\/td><\/tr><tr><td>Erwachsene:<\/td><td>114,00 \u20ac<\/td><\/tr><tr><td>Familien:<\/td><td>230,00 \u20ac<\/td><\/tr><\/tbody><\/table><\/figure>\n","protected":false},"excerpt":{"rendered":"<p>Leistungspaket Vereinsbeitr\u00e4ge Die Beitr\u00e4ge werden von der SG Diepholz viertelj\u00e4hrlich, halbj\u00e4hrlich oder j\u00e4hrlich eingezogen. Alle unten angegebenen Beitr\u00e4ge sind j\u00e4hrlich gerechnet. Grundbeitr\u00e4ge Kinder und Jugendliche: 15,00 \u20ac Erwachsene: 35,00 \u20ac Familien: 85,00 \u20ac Spartenbeitr\u00e4ge Kinder und Jugendliche: 66,00 \u20ac Erwachsene: 114,00 \u20ac Familien: 230,00 \u20ac<\/p>\n","protected":false},"author":1,"featured_media":0,"parent":0,"menu_order":0,"comment_status":"closed","ping_status":"open","template":"","meta":{"footnotes":""},"_links":{"self":[{"href":"https:\/\/www.judo-jujutsu-diepholz.de\/index.php?rest_route=\/wp\/v2\/pages\/990"}],"collection":[{"href":"https:\/\/www.judo-jujutsu-diepholz.de\/index.php?rest_route=\/wp\/v2\/pages"}],"about":[{"href":"https:\/\/www.judo-jujutsu-diepholz.de\/index.php?rest_route=\/wp\/v2\/types\/page"}],"author":[{"embeddable":true,"href":"https:\/\/www.judo-jujutsu-diepholz.de\/index.php?rest_route=\/wp\/v2\/users\/1"}],"replies":[{"embeddable":true,"href":"https:\/\/www.judo-jujutsu-diepholz.de\/index.php?rest_route=%2Fwp%2Fv2%2Fcomments&post=990"}],"version-history":[{"count":9,"href":"https:\/\/www.judo-jujutsu-diepholz.de\/index.php?rest_route=\/wp\/v2\/pages\/990\/revisions"}],"predecessor-version":[{"id":2527,"href":"https:\/\/www.judo-jujutsu-diepholz.de\/index.php?rest_route=\/wp\/v2\/pages\/990\/revisions\/2527"}],"wp:attachment":[{"href":"https:\/\/www.judo-jujutsu-diepholz.de\/index.php?rest_route=%2Fwp%2Fv2%2Fmedia&parent=990"}],"curies":[{"name":"wp","href":"https:\/\/api.w.org\/{rel}","templated":true}]}}