{"id":22,"date":"2011-09-13T22:35:07","date_gmt":"2011-09-13T20:35:07","guid":{"rendered":"http:\/\/judo-jujutsu-diepholz.de\/wpress\/?page_id=22"},"modified":"2025-06-05T17:36:13","modified_gmt":"2025-06-05T15:36:13","slug":"impressum","status":"publish","type":"page","link":"https:\/\/www.judo-jujutsu-diepholz.de\/?page_id=22","title":{"rendered":"Impressum"},"content":{"rendered":"\n<h2 class=\"wp-block-heading\">Sparte Judo \/ Ju-Jutsu der Sportgemeinschaft Diepholz von 1870 e.V.<\/h2>\n\n\n\n<p>Moorstra\u00dfe 39<br>49356 Diepholz<\/p>\n\n\n\n<p>UStIDNr. (gem\u00e4\u00df \u00a7 27a): DE 45\/270\/01301<\/p>\n\n\n\n<h3 class=\"wp-block-heading\">Vertretungsberechtigter Vorstand:<\/h3>\n\n\n\n<h4 class=\"wp-block-heading\">1. Vorsitzender<\/h4>\n\n\n\n<p>Matthias Kobusch<br>Tel.: 05441 975041<br>Mobil: 01724279531<br>E-Mail: Matthias.Kobusch@t-online.de <\/p>\n\n\n\n<h4 class=\"wp-block-heading\">2. Vorsitzender<\/h4>\n\n\n\n<p>Patrick Klasing<br>E-Mail: p.klasing@enerkla.de<\/p>\n\n\n\n<h4 class=\"wp-block-heading\">Gesch\u00e4ftsf\u00fchrer<\/h4>\n\n\n\n<p>Klaus Kr\u00fcger<br>E-Mail: sg@klauskrueger.de<\/p>\n\n\n\n<h4 class=\"wp-block-heading\">Sportwart<\/h4>\n\n\n\n<p>Franziska K\u00f6nig<br>Tel.: 05441 7761<br>E-Mail: koenig.fromb@t-online.de<\/p>\n\n\n\n<h3 class=\"wp-block-heading\">Online-Auftritt<\/h3>\n\n\n\n<h4 class=\"wp-block-heading\">Webmaster<\/h4>\n\n\n\n<p>Stefan Bilsing<br>E-Mail: webmaster@judo-jujutsu-diepholz.de<\/p>\n\n\n\n<p><a href=\"http:\/\/www.disclaimer.de\/disclaimer.htm?farbe=FFFFFF\/000000\/000000\/000000\">Haftungsausschluss<\/a><\/p>\n","protected":false},"excerpt":{"rendered":"<p>Sparte Judo \/ Ju-Jutsu der Sportgemeinschaft Diepholz von 1870 e.V. Moorstra\u00dfe 3949356 Diepholz UStIDNr. (gem\u00e4\u00df \u00a7 27a): DE 45\/270\/01301 Vertretungsberechtigter Vorstand: 1. Vorsitzender Matthias KobuschTel.: 05441 975041Mobil: 01724279531E-Mail: Matthias.Kobusch@t-online.de 2. Vorsitzender Patrick KlasingE-Mail: p.klasing@enerkla.de Gesch\u00e4ftsf\u00fchrer Klaus Kr\u00fcgerE-Mail: sg@klauskrueger.de Sportwart Franziska K\u00f6nigTel.: 05441 7761E-Mail: koenig.fromb@t-online.de Online-Auftritt Webmaster Stefan BilsingE-Mail: webmaster@judo-jujutsu-diepholz.de Haftungsausschluss<\/p>\n","protected":false},"author":1,"featured_media":0,"parent":0,"menu_order":6,"comment_status":"closed","ping_status":"closed","template":"","meta":{"footnotes":""},"_links":{"self":[{"href":"https:\/\/www.judo-jujutsu-diepholz.de\/index.php?rest_route=\/wp\/v2\/pages\/22"}],"collection":[{"href":"https:\/\/www.judo-jujutsu-diepholz.de\/index.php?rest_route=\/wp\/v2\/pages"}],"about":[{"href":"https:\/\/www.judo-jujutsu-diepholz.de\/index.php?rest_route=\/wp\/v2\/types\/page"}],"author":[{"embeddable":true,"href":"https:\/\/www.judo-jujutsu-diepholz.de\/index.php?rest_route=\/wp\/v2\/users\/1"}],"replies":[{"embeddable":true,"href":"https:\/\/www.judo-jujutsu-diepholz.de\/index.php?rest_route=%2Fwp%2Fv2%2Fcomments&post=22"}],"version-history":[{"count":22,"href":"https:\/\/www.judo-jujutsu-diepholz.de\/index.php?rest_route=\/wp\/v2\/pages\/22\/revisions"}],"predecessor-version":[{"id":2525,"href":"https:\/\/www.judo-jujutsu-diepholz.de\/index.php?rest_route=\/wp\/v2\/pages\/22\/revisions\/2525"}],"wp:attachment":[{"href":"https:\/\/www.judo-jujutsu-diepholz.de\/index.php?rest_route=%2Fwp%2Fv2%2Fmedia&parent=22"}],"curies":[{"name":"wp","href":"https:\/\/api.w.org\/{rel}","templated":true}]}}